{"id":10,"date":"2018-09-14T13:34:28","date_gmt":"2018-09-14T13:34:28","guid":{"rendered":"http:\/\/elservicewilly.se\/?page_id=10"},"modified":"2025-03-13T12:40:20","modified_gmt":"2025-03-13T10:40:20","slug":"contact","status":"publish","type":"page","link":"https:\/\/elservicewilly.se\/index.php\/contact\/","title":{"rendered":"KONTAKT"},"content":{"rendered":"<h1><em>Bes\u00f6ksadress<\/em><\/h1>\n<h2><em><strong>Vista 7<\/strong><\/em><\/h2>\n<h2><em><strong>731 98 K\u00f6ping<\/strong><\/em><\/h2>\n<h1><em><strong>Bengt-G\u00f6ran<\/strong><\/em><\/h1>\n<p>VD\/Elektriker<\/p>\n<p>0708661730<\/p>\n<p><a href=\"http:\/\/www.bengt-goran@elservicewilly.se\">Bengt-goran@elservicewilly.se<\/a><\/p>\n<p>&nbsp;<\/p>\n<h1><em><strong>Emelie<\/strong><\/em><\/h1>\n<p>Elektriker<\/p>\n<p>0708661740<\/p>\n<p><a href=\"http:\/\/www.emelie@elservicewilly.se\">Emelie@elservicewilly.se<\/a><\/p>\n<h1 style=\"text-align: left;\"><em><strong>Evelina<\/strong><\/em><\/h1>\n<p>Elektriker<\/p>\n<p>&nbsp;<\/p>\n","protected":false},"excerpt":{"rendered":"<p>Bes\u00f6ksadress Vista 7 731 98 K\u00f6ping Bengt-G\u00f6ran VD\/Elektriker 0708661730 Bengt-goran@elservicewilly.se &nbsp; Emelie Elektriker 0708661740 Emelie@elservicewilly.se Evelina Elektriker &nbsp;<\/p>\n","protected":false},"author":1,"featured_media":0,"parent":0,"menu_order":0,"comment_status":"closed","ping_status":"closed","template":"","meta":{"footnotes":""},"class_list":["post-10","page","type-page","status-publish","hentry"],"_links":{"self":[{"href":"https:\/\/elservicewilly.se\/index.php\/wp-json\/wp\/v2\/pages\/10","targetHints":{"allow":["GET"]}}],"collection":[{"href":"https:\/\/elservicewilly.se\/index.php\/wp-json\/wp\/v2\/pages"}],"about":[{"href":"https:\/\/elservicewilly.se\/index.php\/wp-json\/wp\/v2\/types\/page"}],"author":[{"embeddable":true,"href":"https:\/\/elservicewilly.se\/index.php\/wp-json\/wp\/v2\/users\/1"}],"replies":[{"embeddable":true,"href":"https:\/\/elservicewilly.se\/index.php\/wp-json\/wp\/v2\/comments?post=10"}],"version-history":[{"count":21,"href":"https:\/\/elservicewilly.se\/index.php\/wp-json\/wp\/v2\/pages\/10\/revisions"}],"predecessor-version":[{"id":198,"href":"https:\/\/elservicewilly.se\/index.php\/wp-json\/wp\/v2\/pages\/10\/revisions\/198"}],"wp:attachment":[{"href":"https:\/\/elservicewilly.se\/index.php\/wp-json\/wp\/v2\/media?parent=10"}],"curies":[{"name":"wp","href":"https:\/\/api.w.org\/{rel}","templated":true}]}}