{"id":117,"date":"2018-09-25T21:26:14","date_gmt":"2018-09-25T19:26:14","guid":{"rendered":"https:\/\/elservicewilly.se\/?page_id=117"},"modified":"2018-09-25T21:31:11","modified_gmt":"2018-09-25T19:31:11","slug":"shepherd-2","status":"publish","type":"page","link":"https:\/\/elservicewilly.se\/index.php\/shepherd-2\/","title":{"rendered":"SHEPHERD"},"content":{"rendered":"<p>Vi s\u00e4ljer radiostyrda t\u00e4vlingsbilar av m\u00e4rket <a href=\"https:\/\/team-shepherd.com\/\">SHEPHERD<\/a>.<\/p>\n<p>&nbsp;<\/p>\n<p><img loading=\"lazy\" decoding=\"async\" class=\"size-full wp-image-114 alignleft\" src=\"https:\/\/elservicewilly.se\/wp-content\/uploads\/2018\/09\/bilen.png\" alt=\"\" width=\"248\" height=\"203\" \/><\/p>\n","protected":false},"excerpt":{"rendered":"<p>Vi s\u00e4ljer radiostyrda t\u00e4vlingsbilar av m\u00e4rket SHEPHERD. &nbsp;<\/p>\n","protected":false},"author":1,"featured_media":0,"parent":0,"menu_order":0,"comment_status":"closed","ping_status":"closed","template":"","meta":{"footnotes":""},"class_list":["post-117","page","type-page","status-publish","hentry"],"_links":{"self":[{"href":"https:\/\/elservicewilly.se\/index.php\/wp-json\/wp\/v2\/pages\/117","targetHints":{"allow":["GET"]}}],"collection":[{"href":"https:\/\/elservicewilly.se\/index.php\/wp-json\/wp\/v2\/pages"}],"about":[{"href":"https:\/\/elservicewilly.se\/index.php\/wp-json\/wp\/v2\/types\/page"}],"author":[{"embeddable":true,"href":"https:\/\/elservicewilly.se\/index.php\/wp-json\/wp\/v2\/users\/1"}],"replies":[{"embeddable":true,"href":"https:\/\/elservicewilly.se\/index.php\/wp-json\/wp\/v2\/comments?post=117"}],"version-history":[{"count":6,"href":"https:\/\/elservicewilly.se\/index.php\/wp-json\/wp\/v2\/pages\/117\/revisions"}],"predecessor-version":[{"id":125,"href":"https:\/\/elservicewilly.se\/index.php\/wp-json\/wp\/v2\/pages\/117\/revisions\/125"}],"wp:attachment":[{"href":"https:\/\/elservicewilly.se\/index.php\/wp-json\/wp\/v2\/media?parent=117"}],"curies":[{"name":"wp","href":"https:\/\/api.w.org\/{rel}","templated":true}]}}