{"id":9,"date":"2018-09-14T13:34:28","date_gmt":"2018-09-14T13:34:28","guid":{"rendered":"http:\/\/elservicewilly.se\/?page_id=9"},"modified":"2025-03-13T12:31:14","modified_gmt":"2025-03-13T10:31:14","slug":"about","status":"publish","type":"page","link":"https:\/\/elservicewilly.se\/index.php\/about\/","title":{"rendered":"OM"},"content":{"rendered":"<p style=\"text-align: center;\">Elservice Willy Andersson AB erbjuder det mesta inom elinstallationer, reparationer och service.<\/p>\n<p style=\"text-align: center;\">Vi \u00e4r ett familjef\u00f6retag som funnits sedan 1971 d\u00e5 Willy Andersson, min pappa startade Elservice som en enskild firma.<\/p>\n<p style=\"text-align: center;\">1976 b\u00f6rjade jag jobba med honom.<\/p>\n<p style=\"text-align: center;\">\u00a01989 bildade vi Aktiebolag d\u00e5 blev det nuvarande namnet Elservice Willy Andersson AB.<\/p>\n<p style=\"text-align: center;\">H\u00f6sten 1991 dog Willy, d\u00e5 drev jag och mamma f\u00f6retaget vidare.<\/p>\n<p style=\"text-align: center;\">1995 dog mamma Sonja. Sen dess har jag varit ensam \u00e4gare.<\/p>\n<p style=\"text-align: center;\">2006 b\u00f6rjade min dotter Emelie som elektriker.<\/p>\n<p style=\"text-align: center;\">2020 Flyttade firman till egna lokaler i Vista.<\/p>\n<p style=\"text-align: center;\">2021 B\u00f6rjade Evelina hos oss. S\u00e5 i dagsl\u00e4get \u00e4r det vi tre som jo<span style=\"font-size: 1rem;\">bbar.\u00a0<\/span><\/p>\n<p style=\"text-align: center;\">Vi \u00e4r med i installat\u00f6rs f\u00f6retagen <img loading=\"lazy\" decoding=\"async\" class=\"wp-image-187 alignright\" src=\"https:\/\/elservicewilly.se\/wp-content\/uploads\/2025\/03\/2759_IN-logo-inverterad-rgb-1-300x79.png\" alt=\"\" width=\"308\" height=\"81\" srcset=\"https:\/\/elservicewilly.se\/wp-content\/uploads\/2025\/03\/2759_IN-logo-inverterad-rgb-1-300x79.png 300w, https:\/\/elservicewilly.se\/wp-content\/uploads\/2025\/03\/2759_IN-logo-inverterad-rgb-1-1024x268.png 1024w, https:\/\/elservicewilly.se\/wp-content\/uploads\/2025\/03\/2759_IN-logo-inverterad-rgb-1-768x201.png 768w, https:\/\/elservicewilly.se\/wp-content\/uploads\/2025\/03\/2759_IN-logo-inverterad-rgb-1-1536x402.png 1536w, https:\/\/elservicewilly.se\/wp-content\/uploads\/2025\/03\/2759_IN-logo-inverterad-rgb-1-2048x536.png 2048w\" sizes=\"auto, (max-width: 308px) 100vw, 308px\" \/><\/p>\n","protected":false},"excerpt":{"rendered":"<p>Elservice Willy Andersson AB erbjuder det mesta inom elinstallationer, reparationer och service. Vi \u00e4r ett familjef\u00f6retag som funnits sedan 1971 d\u00e5 Willy Andersson, min pappa startade Elservice som en enskild firma. 1976 b\u00f6rjade jag jobba med honom. \u00a01989 bildade vi Aktiebolag d\u00e5 blev det nuvarande namnet Elservice Willy Andersson AB. H\u00f6sten 1991 dog Willy, d\u00e5 &hellip; <\/p>\n<p class=\"link-more\"><a href=\"https:\/\/elservicewilly.se\/index.php\/about\/\" class=\"more-link\">Forts\u00e4tt l\u00e4sa<span class=\"screen-reader-text\"> \u201dOM\u201d<\/span><\/a><\/p>\n","protected":false},"author":1,"featured_media":0,"parent":0,"menu_order":0,"comment_status":"closed","ping_status":"closed","template":"","meta":{"footnotes":""},"class_list":["post-9","page","type-page","status-publish","hentry"],"_links":{"self":[{"href":"https:\/\/elservicewilly.se\/index.php\/wp-json\/wp\/v2\/pages\/9","targetHints":{"allow":["GET"]}}],"collection":[{"href":"https:\/\/elservicewilly.se\/index.php\/wp-json\/wp\/v2\/pages"}],"about":[{"href":"https:\/\/elservicewilly.se\/index.php\/wp-json\/wp\/v2\/types\/page"}],"author":[{"embeddable":true,"href":"https:\/\/elservicewilly.se\/index.php\/wp-json\/wp\/v2\/users\/1"}],"replies":[{"embeddable":true,"href":"https:\/\/elservicewilly.se\/index.php\/wp-json\/wp\/v2\/comments?post=9"}],"version-history":[{"count":9,"href":"https:\/\/elservicewilly.se\/index.php\/wp-json\/wp\/v2\/pages\/9\/revisions"}],"predecessor-version":[{"id":188,"href":"https:\/\/elservicewilly.se\/index.php\/wp-json\/wp\/v2\/pages\/9\/revisions\/188"}],"wp:attachment":[{"href":"https:\/\/elservicewilly.se\/index.php\/wp-json\/wp\/v2\/media?parent=9"}],"curies":[{"name":"wp","href":"https:\/\/api.w.org\/{rel}","templated":true}]}}